{"id":8530,"date":"2025-06-20T11:40:35","date_gmt":"2025-06-20T11:40:35","guid":{"rendered":"https:\/\/ukraynacaogreniyorum.com\/?page_id=8530"},"modified":"2025-06-25T13:04:46","modified_gmt":"2025-06-25T13:04:46","slug":"%d0%bf%d0%be%d0%bb%d1%96%d1%82%d0%b8%d0%ba%d0%b0-%d0%ba%d0%be%d0%bd%d1%84%d1%96%d0%b4%d0%b5%d0%bd%d1%86%d1%96%d0%b9%d0%bd%d0%be%d1%81%d1%82%d1%96","status":"publish","type":"page","link":"https:\/\/ukraynacaogreniyorum.com\/uk\/%d0%bf%d0%be%d0%bb%d1%96%d1%82%d0%b8%d0%ba%d0%b0-%d0%ba%d0%be%d0%bd%d1%84%d1%96%d0%b4%d0%b5%d0%bd%d1%86%d1%96%d0%b9%d0%bd%d0%be%d1%81%d1%82%d1%96\/","title":{"rendered":"\u041f\u043e\u043b\u0456\u0442\u0438\u043a\u0430 \u043a\u043e\u043d\u0444\u0456\u0434\u0435\u043d\u0446\u0456\u0439\u043d\u043e\u0441\u0442\u0456"},"content":{"rendered":"<div data-elementor-type=\"wp-page\" data-elementor-id=\"8530\" class=\"elementor elementor-8530\">\n\t\t\t\t\t\t\t\t\t<section class=\"elementor-section elementor-top-section elementor-element elementor-element-4f49e5e elementor-section-boxed elementor-section-height-default elementor-section-height-default\" data-id=\"4f49e5e\" data-element_type=\"section\">\n\t\t\t\t\t\t<div class=\"elementor-container elementor-column-gap-default\">\n\t\t\t\t\t<div class=\"elementor-column elementor-col-50 elementor-top-column elementor-element elementor-element-f9e0848\" data-id=\"f9e0848\" data-element_type=\"column\">\n\t\t\t<div class=\"elementor-widget-wrap elementor-element-populated\">\n\t\t\t\t\t\t\t\t<div class=\"elementor-element elementor-element-a1b3b42 elementor-widget elementor-widget-text-editor\" data-id=\"a1b3b42\" data-element_type=\"widget\" data-widget_type=\"text-editor.default\">\n\t\t\t\t<div class=\"elementor-widget-container\">\n\t\t\t\t\t\t\t<h3 data-start=\"372\" data-end=\"401\">\u041f\u043e\u043b\u0456\u0442\u0438\u043a\u0430 \u043a\u043e\u043d\u0444\u0456\u0434\u0435\u043d\u0446\u0456\u0439\u043d\u043e\u0441\u0442\u0456<\/h3><p data-start=\"403\" data-end=\"866\">\u0426\u044f \u041f\u043e\u043b\u0456\u0442\u0438\u043a\u0430 \u043a\u043e\u043d\u0444\u0456\u0434\u0435\u043d\u0446\u0456\u0439\u043d\u043e\u0441\u0442\u0456 \u0440\u043e\u0437\u0440\u043e\u0431\u043b\u0435\u043d\u0430 \u0424\u041e\u041f \u0411\u0456\u043b\u0435\u0446\u044c\u043a\u0430 \u042e\u043b\u0456\u044f \u041e\u043b\u0435\u043a\u0441\u0430\u043d\u0434\u0440\u0456\u0432\u043d\u0430 (\u043d\u0430\u0434\u0430\u043b\u0456 \u2013 \u00ab\u041a\u043e\u043c\u043f\u0430\u043d\u0456\u044f\u00bb, \u00ab\u041f\u0440\u0430\u0432\u043e\u0432\u043b\u0430\u0441\u043d\u0438\u043a\u00bb \u0430\u0431\u043e \u00ab\u041c\u0438\u00bb) \u0456 \u0430\u0434\u0440\u0435\u0441\u043e\u0432\u0430\u043d\u0430 \u041a\u043e\u0440\u0438\u0441\u0442\u0443\u0432\u0430\u0447\u0430\u043c \u0412\u0435\u0431-\u0441\u0430\u0439\u0442\u0443 <a class=\"\" href=\"https:\/\/ukraynacaogreniyorum.com\/uk\/\" target=\"_new\" rel=\"noopener\" data-start=\"558\" data-end=\"626\">https:\/\/ukraynacaogreniyorum.com<\/a> \u0442\u0430\/\u0430\u0431\u043e \u043c\u043e\u0431\u0456\u043b\u044c\u043d\u043e\u0433\u043e \u0437\u0430\u0441\u0442\u043e\u0441\u0443\u043d\u043a\u0443 Ukraynaca \u00d6\u011freniyorum \u043d\u0430 \u043f\u043b\u0430\u0442\u0444\u043e\u0440\u043c\u0456 SkillzRun (\u0434\u0430\u043b\u0456 \u2013 \u00ab\u0417\u0430\u0441\u0442\u043e\u0441\u0443\u043d\u043e\u043a\u00bb), \u0456 \u0432\u0438\u0437\u043d\u0430\u0447\u0430\u0454 \u043f\u043e\u0440\u044f\u0434\u043e\u043a \u0437\u0431\u043e\u0440\u0443, \u0437\u0431\u0435\u0440\u0456\u0433\u0430\u043d\u043d\u044f, \u043e\u0431\u0440\u043e\u0431\u043a\u0438, \u0432\u0438\u043a\u043e\u0440\u0438\u0441\u0442\u0430\u043d\u043d\u044f \u0442\u0430 \u0440\u043e\u0437\u043a\u0440\u0438\u0442\u0442\u044f \u043f\u0435\u0440\u0441\u043e\u043d\u0430\u043b\u044c\u043d\u0438\u0445 \u0434\u0430\u043d\u0438\u0445 (\u0434\u0430\u043b\u0456 \u2013 \u00ab\u0414\u0430\u043d\u0456\u00bb) \u0443 \u0437\u0432\u2019\u044f\u0437\u043a\u0443 \u0437 \u0432\u0438\u043a\u043e\u0440\u0438\u0441\u0442\u0430\u043d\u043d\u044f\u043c \u043d\u0430\u0448\u043e\u0433\u043e \u0441\u0430\u0439\u0442\u0443, \u0437\u0430\u0441\u0442\u043e\u0441\u0443\u043d\u043a\u0443 \u0442\u0430 \u043d\u0430\u0434\u0430\u043d\u0438\u0445 \u043f\u043e\u0441\u043b\u0443\u0433.<\/p><p data-start=\"868\" data-end=\"979\">\u042f\u043a\u0449\u043e \u0412\u0438 \u043d\u0435 \u043f\u043e\u0433\u043e\u0434\u0436\u0443\u0454\u0442\u0435\u0441\u044c \u0456\u0437 \u0443\u043c\u043e\u0432\u0430\u043c\u0438 \u0446\u0456\u0454\u0457 \u041f\u043e\u043b\u0456\u0442\u0438\u043a\u0438, \u0431\u0443\u0434\u044c \u043b\u0430\u0441\u043a\u0430, \u043f\u0440\u0438\u043f\u0438\u043d\u0456\u0442\u044c \u043a\u043e\u0440\u0438\u0441\u0442\u0443\u0432\u0430\u043d\u043d\u044f \u0441\u0430\u0439\u0442\u043e\u043c \u0442\u0430\/\u0430\u0431\u043e \u0437\u0430\u0441\u0442\u043e\u0441\u0443\u043d\u043a\u043e\u043c.<\/p><hr data-start=\"981\" data-end=\"984\" \/><p data-start=\"986\" data-end=\"1012\"><strong data-start=\"986\" data-end=\"1012\">1. \u0412\u043b\u0430\u0441\u043d\u0438\u043a \u0442\u0430 \u043a\u043e\u043d\u0442\u0430\u043a\u0442\u0438<\/strong><\/p><p data-start=\"1016\" data-end=\"1077\">\u0412\u043b\u0430\u0441\u043d\u0438\u043a \u043f\u0435\u0440\u0441\u043e\u043d\u0430\u043b\u044c\u043d\u0438\u0445 \u0434\u0430\u043d\u0438\u0445: \u0424\u041e\u041f \u0411\u0456\u043b\u0435\u0446\u044c\u043a\u0430 \u042e\u043b\u0456\u044f \u041e\u043b\u0435\u043a\u0441\u0430\u043d\u0434\u0440\u0456\u0432\u043d\u0430<\/p><p data-start=\"1080\" data-end=\"1163\">\u0414\u043e\u043c\u0435\u043d \u0441\u0430\u0439\u0442\u0443: <a class=\"\" href=\"https:\/\/ukraynacaogreniyorum.com\/uk\/\" target=\"_new\" rel=\"noopener\" data-start=\"1093\" data-end=\"1161\">https:\/\/ukraynacaogreniyorum.com<\/a><\/p><p data-start=\"1166\" data-end=\"1189\">\u0417\u0430\u0441\u0442\u043e\u0441\u0443\u043d\u043e\u043a: Ukraynaca \u00d6\u011freniyorum \u043d\u0430 \u043f\u043b\u0430\u0442\u0444\u043e\u0440\u043c\u0456 SkillzRun<\/p><p data-start=\"1192\" data-end=\"1255\">\u0415\u043b\u0435\u043a\u0442\u0440\u043e\u043d\u043d\u0430 \u043f\u043e\u0448\u0442\u0430 \u0434\u043b\u044f \u0437\u0432\u2019\u044f\u0437\u043a\u0443: <strong data-start=\"1222\" data-end=\"1255\"><a class=\"cursor-pointer\" rel=\"noopener\" data-start=\"1224\" data-end=\"1253\">info@ukraynacaogreniyorum.com<\/a><\/strong><\/p><hr data-start=\"1257\" data-end=\"1260\" \/><p data-start=\"1262\" data-end=\"1309\"><strong data-start=\"1262\" data-end=\"1309\">2. \u041f\u0435\u0440\u0441\u043e\u043d\u0430\u043b\u044c\u043d\u0456 \u0434\u0430\u043d\u0456, \u044f\u043a\u0456 \u043c\u0438 \u043c\u043e\u0436\u0435\u043c\u043e \u0437\u0431\u0438\u0440\u0430\u0442\u0438:<\/strong><\/p><p data-start=\"1313\" data-end=\"1362\">\u0406\u043c\u2019\u044f, \u043f\u0440\u0456\u0437\u0432\u0438\u0449\u0435, \u0435\u043b\u0435\u043a\u0442\u0440\u043e\u043d\u043d\u0430 \u043f\u043e\u0448\u0442\u0430, \u043d\u043e\u043c\u0435\u0440 \u0442\u0435\u043b\u0435\u0444\u043e\u043d\u0443;<\/p><p data-start=\"1365\" data-end=\"1409\">IP-\u0430\u0434\u0440\u0435\u0441\u0430, \u0442\u0435\u0445\u043d\u0456\u0447\u043d\u0430 \u0456\u043d\u0444\u043e\u0440\u043c\u0430\u0446\u0456\u044f \u043f\u0440\u043e \u043f\u0440\u0438\u0441\u0442\u0440\u0456\u0439;<\/p><p data-start=\"1412\" data-end=\"1476\">\u0414\u0430\u043d\u0456, \u0449\u043e \u043d\u0430\u0434\u0430\u044e\u0442\u044c\u0441\u044f \u043f\u0440\u0438 \u0437\u0430\u043f\u043e\u0432\u043d\u0435\u043d\u043d\u0456 \u0444\u043e\u0440\u043c \u043d\u0430 \u0441\u0430\u0439\u0442\u0456 \u0447\u0438 \u0432 \u0437\u0430\u0441\u0442\u043e\u0441\u0443\u043d\u043a\u0443;<\/p><p data-start=\"1479\" data-end=\"1552\">\u0414\u0430\u043d\u0456 \u0449\u043e\u0434\u043e \u0432\u0456\u0434\u0432\u0456\u0434\u0443\u0432\u0430\u043d\u044c, \u0437\u0430\u043c\u043e\u0432\u043b\u0435\u043d\u044c \u0442\u0430 \u043a\u043e\u0440\u0438\u0441\u0442\u0443\u0432\u0430\u043d\u043d\u044f \u043d\u0430\u0432\u0447\u0430\u043b\u044c\u043d\u0438\u043c\u0438 \u043c\u0430\u0442\u0435\u0440\u0456\u0430\u043b\u0430\u043c\u0438;<\/p><p data-start=\"1555\" data-end=\"1662\">\u0414\u0430\u043d\u0456 \u043f\u043b\u0430\u0442\u0456\u0436\u043d\u0438\u0445 \u043e\u043f\u0435\u0440\u0430\u0446\u0456\u0439, \u0437\u0434\u0456\u0439\u0441\u043d\u0435\u043d\u0438\u0445 \u0447\u0435\u0440\u0435\u0437 \u043f\u043b\u0430\u0442\u0456\u0436\u043d\u0443 \u0441\u0438\u0441\u0442\u0435\u043c\u0443 <strong data-start=\"1614\" data-end=\"1623\">Fondy<\/strong> (\u043c\u0438 \u043d\u0435 \u0437\u0431\u0435\u0440\u0456\u0433\u0430\u0454\u043c\u043e \u043f\u043b\u0430\u0442\u0456\u0436\u043d\u0456 \u0440\u0435\u043a\u0432\u0456\u0437\u0438\u0442\u0438).<\/p><hr data-start=\"1664\" data-end=\"1667\" \/><p data-start=\"1669\" data-end=\"1695\"><strong data-start=\"1669\" data-end=\"1695\">3. \u041c\u0435\u0442\u0430 \u043e\u0431\u0440\u043e\u0431\u043a\u0438 \u0434\u0430\u043d\u0438\u0445:<\/strong><\/p><p data-start=\"1699\" data-end=\"1751\">\u041d\u0430\u0434\u0430\u043d\u043d\u044f \u0434\u043e\u0441\u0442\u0443\u043f\u0443 \u0434\u043e \u043d\u0430\u0432\u0447\u0430\u043b\u044c\u043d\u0438\u0445 \u043f\u0440\u043e\u0434\u0443\u043a\u0442\u0456\u0432 \u0442\u0430 \u043a\u043e\u043d\u0442\u0435\u043d\u0442\u0443;<\/p><p data-start=\"1754\" data-end=\"1813\">\u0412\u0435\u0434\u0435\u043d\u043d\u044f \u043e\u0431\u043b\u0456\u043a\u0443, \u0432\u0438\u0441\u0442\u0430\u0432\u043b\u0435\u043d\u043d\u044f \u0440\u0430\u0445\u0443\u043d\u043a\u0456\u0432, \u043d\u0430\u0434\u0441\u0438\u043b\u0430\u043d\u043d\u044f \u043a\u0432\u0438\u0442\u0430\u043d\u0446\u0456\u0439;<\/p><p data-start=\"1816\" data-end=\"1870\">\u041f\u043e\u043a\u0440\u0430\u0449\u0435\u043d\u043d\u044f \u044f\u043a\u043e\u0441\u0442\u0456 \u0441\u0435\u0440\u0432\u0456\u0441\u0443, \u043d\u0430\u0434\u0430\u043d\u043d\u044f \u0437\u0432\u043e\u0440\u043e\u0442\u043d\u043e\u0433\u043e \u0437\u0432\u2019\u044f\u0437\u043a\u0443;<\/p><p data-start=\"1873\" data-end=\"1946\">\u041d\u0430\u0434\u0441\u0438\u043b\u0430\u043d\u043d\u044f \u0456\u043d\u0444\u043e\u0440\u043c\u0430\u0446\u0456\u0439\u043d\u0438\u0445 \u043f\u043e\u0432\u0456\u0434\u043e\u043c\u043b\u0435\u043d\u044c (\u0437\u0430 \u043f\u043e\u043f\u0435\u0440\u0435\u0434\u043d\u044c\u043e\u044e \u0437\u0433\u043e\u0434\u043e\u044e \u043a\u043e\u0440\u0438\u0441\u0442\u0443\u0432\u0430\u0447\u0430);<\/p><p data-start=\"1949\" data-end=\"2011\">\u0412\u0438\u043a\u043e\u043d\u0430\u043d\u043d\u044f \u0432\u0438\u043c\u043e\u0433 \u0437\u0430\u043a\u043e\u043d\u043e\u0434\u0430\u0432\u0441\u0442\u0432\u0430 (\u043d\u0430\u043f\u0440\u0438\u043a\u043b\u0430\u0434, \u0434\u043b\u044f \u043e\u0431\u043b\u0456\u043a\u0443 \u0434\u043e\u0445\u043e\u0434\u0456\u0432).<\/p><hr data-start=\"2013\" data-end=\"2016\" \/><p data-start=\"2018\" data-end=\"2050\"><strong data-start=\"2018\" data-end=\"2050\">4. \u041f\u0440\u0430\u0432\u043e\u0432\u0430 \u043f\u0456\u0434\u0441\u0442\u0430\u0432\u0430 \u043e\u0431\u0440\u043e\u0431\u043a\u0438:<\/strong><\/p><p>\u041e\u0431\u0440\u043e\u0431\u043a\u0430 \u0437\u0434\u0456\u0439\u0441\u043d\u044e\u0454\u0442\u044c\u0441\u044f \u043d\u0430 \u043f\u0456\u0434\u0441\u0442\u0430\u0432\u0456:<\/p><p data-start=\"2088\" data-end=\"2187\">\u0434\u043e\u0431\u0440\u043e\u0432\u0456\u043b\u044c\u043d\u043e\u0457 \u0437\u0433\u043e\u0434\u0438 \u043a\u043e\u0440\u0438\u0441\u0442\u0443\u0432\u0430\u0447\u0430 (\u043d\u0430\u043f\u0440\u0438\u043a\u043b\u0430\u0434, \u0447\u0435\u0440\u0435\u0437 \u0444\u043e\u0440\u043c\u0443 \u0437\u0430\u043c\u043e\u0432\u043b\u0435\u043d\u043d\u044f \u0430\u0431\u043e \u0441\u0442\u0432\u043e\u0440\u0435\u043d\u043d\u044f \u043e\u0431\u043b\u0456\u043a\u043e\u0432\u043e\u0433\u043e \u0437\u0430\u043f\u0438\u0441\u0443);<\/p><p data-start=\"2190\" data-end=\"2246\">\u0443\u043a\u043b\u0430\u0434\u0435\u043d\u043d\u044f \u0434\u043e\u0433\u043e\u0432\u043e\u0440\u0443 (\u043f\u0440\u0438\u0434\u0431\u0430\u043d\u043d\u044f \u043f\u043e\u0441\u043b\u0443\u0433\u0438\/\u0434\u043e\u0441\u0442\u0443\u043f\u0443 \u0434\u043e \u043a\u0443\u0440\u0441\u0443);<\/p><p data-start=\"2249\" data-end=\"2281\">\u0432\u0438\u043a\u043e\u043d\u0430\u043d\u043d\u044f \u043e\u0431\u043e\u0432\u2019\u044f\u0437\u043a\u0456\u0432 \u0437\u0430 \u0437\u0430\u043a\u043e\u043d\u043e\u043c.<\/p><hr data-start=\"2283\" data-end=\"2286\" \/><p><strong data-start=\"2288\" data-end=\"2320\">5. \u041f\u0435\u0440\u0435\u0434\u0430\u0447\u0430 \u0442\u0440\u0435\u0442\u0456\u043c \u0441\u0442\u043e\u0440\u043e\u043d\u0430\u043c:<\/strong><\/p><p>\u0414\u0430\u043d\u0456 \u043c\u043e\u0436\u0443\u0442\u044c \u0431\u0443\u0442\u0438 \u043f\u0435\u0440\u0435\u0434\u0430\u043d\u0456:<\/p><p data-start=\"2351\" data-end=\"2402\">\u043f\u043b\u0430\u0442\u0456\u0436\u043d\u0456\u0439 \u0441\u0438\u0441\u0442\u0435\u043c\u0456 <strong data-start=\"2369\" data-end=\"2378\">Fondy<\/strong> \u0434\u043b\u044f \u043e\u0431\u0440\u043e\u0431\u043a\u0438 \u0442\u0440\u0430\u043d\u0437\u0430\u043a\u0446\u0456\u0439;<\/p><p data-start=\"2405\" data-end=\"2469\">\u043f\u0440\u043e\u0432\u0430\u0439\u0434\u0435\u0440\u0430\u043c \u0445\u043e\u0441\u0442\u0438\u043d\u0433\u0443 \u0442\u0430 \u0430\u043d\u0430\u043b\u0456\u0442\u0438\u043a\u0438 (\u043d\u0430\u043f\u0440\u0438\u043a\u043b\u0430\u0434, Google Analytics);<\/p><p data-start=\"2472\" data-end=\"2525\">\u0434\u0435\u0440\u0436\u0430\u0432\u043d\u0438\u043c \u043e\u0440\u0433\u0430\u043d\u0430\u043c \u2014 \u0443 \u0432\u0438\u043f\u0430\u0434\u043a\u0430\u0445, \u043f\u0435\u0440\u0435\u0434\u0431\u0430\u0447\u0435\u043d\u0438\u0445 \u0437\u0430\u043a\u043e\u043d\u043e\u043c.<\/p><hr data-start=\"2527\" data-end=\"2530\" \/><p><strong data-start=\"2532\" data-end=\"2561\">6. \u0417\u0431\u0435\u0440\u0456\u0433\u0430\u043d\u043d\u044f \u0442\u0430 \u0431\u0435\u0437\u043f\u0435\u043a\u0430:<\/strong><\/p><p>\u041c\u0438 \u0432\u0438\u043a\u043e\u0440\u0438\u0441\u0442\u043e\u0432\u0443\u0454\u043c\u043e \u0442\u0435\u0445\u043d\u0456\u0447\u043d\u0456 \u0442\u0430 \u043e\u0440\u0433\u0430\u043d\u0456\u0437\u0430\u0446\u0456\u0439\u043d\u0456 \u0437\u0430\u0445\u043e\u0434\u0438 \u0434\u043b\u044f \u0437\u0430\u0445\u0438\u0441\u0442\u0443 \u0432\u0430\u0448\u0438\u0445 \u043f\u0435\u0440\u0441\u043e\u043d\u0430\u043b\u044c\u043d\u0438\u0445 \u0434\u0430\u043d\u0438\u0445 \u0432\u0456\u0434 \u043d\u0435\u0441\u0430\u043d\u043a\u0446\u0456\u043e\u043d\u043e\u0432\u0430\u043d\u043e\u0433\u043e \u0434\u043e\u0441\u0442\u0443\u043f\u0443. \u0414\u0430\u043d\u0456 \u0437\u0431\u0435\u0440\u0456\u0433\u0430\u044e\u0442\u044c\u0441\u044f \u043d\u0435 \u0434\u043e\u0432\u0448\u0435, \u043d\u0456\u0436 \u0446\u0435 \u043d\u0435\u043e\u0431\u0445\u0456\u0434\u043d\u043e \u0434\u043b\u044f \u0434\u043e\u0441\u044f\u0433\u043d\u0435\u043d\u043d\u044f \u0437\u0430\u0437\u043d\u0430\u0447\u0435\u043d\u0438\u0445 \u0446\u0456\u043b\u0435\u0439, \u0430\u0431\u043e \u0443 \u0432\u0456\u0434\u043f\u043e\u0432\u0456\u0434\u043d\u043e\u0441\u0442\u0456 \u0434\u043e \u0432\u0438\u043c\u043e\u0433 \u0443\u043a\u0440\u0430\u0457\u043d\u0441\u044c\u043a\u043e\u0433\u043e \u0437\u0430\u043a\u043e\u043d\u043e\u0434\u0430\u0432\u0441\u0442\u0432\u0430.<\/p><hr data-start=\"2818\" data-end=\"2821\" \/><p><strong data-start=\"2823\" data-end=\"2848\">7. \u041f\u0440\u0430\u0432\u0430 \u043a\u043e\u0440\u0438\u0441\u0442\u0443\u0432\u0430\u0447\u0430:<\/strong><\/p><p>\u041a\u043e\u0436\u0435\u043d \u043a\u043e\u0440\u0438\u0441\u0442\u0443\u0432\u0430\u0447 \u043c\u0430\u0454 \u043f\u0440\u0430\u0432\u043e:<\/p><p data-start=\"2880\" data-end=\"2926\">\u043e\u0442\u0440\u0438\u043c\u0430\u0442\u0438 \u0456\u043d\u0444\u043e\u0440\u043c\u0430\u0446\u0456\u044e \u043f\u0440\u043e \u0441\u0432\u043e\u0457 \u043f\u0435\u0440\u0441\u043e\u043d\u0430\u043b\u044c\u043d\u0456 \u0434\u0430\u043d\u0456;<\/p><p data-start=\"2929\" data-end=\"2965\">\u0432\u0438\u043c\u0430\u0433\u0430\u0442\u0438 \u0457\u0445 \u043e\u043d\u043e\u0432\u043b\u0435\u043d\u043d\u044f \u0430\u0431\u043e \u0432\u0438\u0434\u0430\u043b\u0435\u043d\u043d\u044f;<\/p><p data-start=\"2968\" data-end=\"2996\">\u0432\u0456\u0434\u043a\u043b\u0438\u043a\u0430\u0442\u0438 \u0437\u0433\u043e\u0434\u0443 \u043d\u0430 \u043e\u0431\u0440\u043e\u0431\u043a\u0443;<\/p><p data-start=\"2999\" data-end=\"3070\">\u0437\u0432\u0435\u0440\u043d\u0443\u0442\u0438\u0441\u044f \u0434\u043e \u043a\u043e\u043d\u0442\u0440\u043e\u043b\u044e\u044e\u0447\u043e\u0433\u043e \u043e\u0440\u0433\u0430\u043d\u0443 \u0437 \u043f\u0438\u0442\u0430\u043d\u044c \u0437\u0430\u0445\u0438\u0441\u0442\u0443 \u043f\u0435\u0440\u0441\u043e\u043d\u0430\u043b\u044c\u043d\u0438\u0445 \u0434\u0430\u043d\u0438\u0445.<\/p><hr data-start=\"3072\" data-end=\"3075\" \/><p><strong data-start=\"3077\" data-end=\"3102\">8. \u0417\u043c\u0456\u043d\u0438 \u0434\u043e \u043f\u043e\u043b\u0456\u0442\u0438\u043a\u0438:<\/strong><\/p><p>\u041c\u0438 \u0437\u0430\u043b\u0438\u0448\u0430\u0454\u043c\u043e \u0437\u0430 \u0441\u043e\u0431\u043e\u044e \u043f\u0440\u0430\u0432\u043e \u0432\u043d\u043e\u0441\u0438\u0442\u0438 \u0437\u043c\u0456\u043d\u0438 \u0434\u043e \u0446\u0456\u0454\u0457 \u041f\u043e\u043b\u0456\u0442\u0438\u043a\u0438. \u0410\u043a\u0442\u0443\u0430\u043b\u044c\u043d\u0430 \u0432\u0435\u0440\u0441\u0456\u044f \u0437\u0430\u0432\u0436\u0434\u0438 \u0434\u043e\u0441\u0442\u0443\u043f\u043d\u0430 \u043d\u0430 \u0441\u0430\u0439\u0442\u0456.<\/p>\t\t\t\t\t\t<\/div>\n\t\t\t\t<\/div>\n\t\t\t\t\t<\/div>\n\t\t<\/div>\n\t\t\t\t<div class=\"elementor-column elementor-col-50 elementor-top-column elementor-element elementor-element-44d06a3\" data-id=\"44d06a3\" data-element_type=\"column\">\n\t\t\t<div class=\"elementor-widget-wrap elementor-element-populated\">\n\t\t\t\t\t\t\t\t<div class=\"elementor-element elementor-element-b8ecf4b elementor-widget elementor-widget-text-editor\" data-id=\"b8ecf4b\" data-element_type=\"widget\" data-widget_type=\"text-editor.default\">\n\t\t\t\t<div class=\"elementor-widget-container\">\n\t\t\t\t\t\t\t<h3 data-start=\"43\" data-end=\"66\"><strong data-start=\"43\" data-end=\"66\">\u041f\u043e\u043b\u0456\u0442\u0438\u043a\u0430 \u043a\u043e\u043d\u0444\u0456\u0434\u0435\u043d\u0446\u0456\u0439\u043d\u043e\u0441\u0442\u0456<\/strong><\/h3><p data-start=\"68\" data-end=\"561\">Bu Gizlilik Politikas\u0131, FOP Biletska Yuliya Oleksandrivna (bundan sonra \u201c\u015eirket\u201d, \u201cTelif Hakk\u0131 Sahibi\u201d veya \u201cBiz\u201d olarak an\u0131lacakt\u0131r) taraf\u0131ndan haz\u0131rlanm\u0131\u015f olup, <a class=\"\" href=\"https:\/\/ukraynacaogreniyorum.com\/uk\/\" target=\"_new\" rel=\"noopener\" data-start=\"231\" data-end=\"263\">https:\/\/ukraynacaogreniyorum.com<\/a> web sitesinin ve SkillzRun platformunda yer alan <em data-start=\"313\" data-end=\"336\">\u042f \u0432\u0438\u0432\u0447\u0430\u044e \u0443\u043a\u0440\u0430\u0457\u043d\u0441\u044c\u043a\u0443<\/em> mobil uygulamas\u0131n\u0131n (bundan sonra \u201cUygulama\u201d) kullan\u0131c\u0131lar\u0131na y\u00f6neliktir. Bu politika, ki\u015fisel verilerin (bundan sonra \u201cVeriler\u201d) toplanmas\u0131, saklanmas\u0131, i\u015flenmesi, kullan\u0131lmas\u0131 ve if\u015fas\u0131 ile ilgili esaslar\u0131 belirlemektedir.<\/p><p data-start=\"563\" data-end=\"671\">Bu Politika\u2019n\u0131n \u015fartlar\u0131n\u0131 kabul etmiyorsan\u0131z, l\u00fctfen siteyi ve\/veya uygulamay\u0131 kullanmay\u0131 derhal b\u0131rak\u0131n\u0131z.<\/p><p data-start=\"673\" data-end=\"713\"><strong data-start=\"673\" data-end=\"713\">1. Veri Sahibi ve \u0130leti\u015fim Bilgileri<\/strong><\/p><p data-start=\"715\" data-end=\"939\">Ki\u015fisel verilerin sahibi: FOP Biletska Yuliya Oleksandrivna<br data-start=\"774\" data-end=\"777\" \/>Web sitesi: <a class=\"\" href=\"https:\/\/ukraynacaogreniyorum.com\/uk\/\" target=\"_new\" rel=\"noopener\" data-start=\"789\" data-end=\"821\">https:\/\/ukraynacaogreniyorum.com<\/a><br data-start=\"821\" data-end=\"824\" \/>Uygulama: SkillzRun platformundaki <em data-start=\"859\" data-end=\"882\">\u042f \u0432\u0438\u0432\u0447\u0430\u044e \u0443\u043a\u0440\u0430\u0457\u043d\u0441\u044c\u043a\u0443<\/em><br data-start=\"882\" data-end=\"885\" \/>\u0130leti\u015fim e-posta adresi: <a class=\"cursor-pointer\" rel=\"noopener\" data-start=\"910\" data-end=\"939\">info@ukraynacaogreniyorum.com<\/a><\/p><p data-start=\"941\" data-end=\"983\"><strong data-start=\"941\" data-end=\"983\">2. Toplayabilece\u011fimiz ki\u015fisel veriler:<\/strong><\/p><p data-start=\"987\" data-end=\"1033\">Ad, soyad, e-posta adresi, telefon numaras\u0131;<\/p><p data-start=\"1036\" data-end=\"1082\">IP adresi ve cihaz\u0131n\u0131za ait teknik bilgiler;<\/p><p data-start=\"1085\" data-end=\"1148\">Site veya uygulamadaki formlar arac\u0131l\u0131\u011f\u0131yla sa\u011flanan veriler;<\/p><p data-start=\"1151\" data-end=\"1226\">Ziyaret ge\u00e7mi\u015fi, sipari\u015f bilgileri ve e\u011fitim materyali kullan\u0131m verileri;<\/p><p data-start=\"1229\" data-end=\"1326\">Fondy \u00f6deme sistemi \u00fczerinden yap\u0131lan i\u015flemlere ili\u015fkin veriler (\u00f6deme bilgilerini saklam\u0131yoruz).<\/p><p data-start=\"1328\" data-end=\"1356\"><strong data-start=\"1328\" data-end=\"1356\">3. Veri i\u015fleme ama\u00e7lar\u0131:<\/strong><\/p><p data-start=\"1360\" data-end=\"1410\">E\u011fitim \u00fcr\u00fcnlerine ve i\u00e7eriklere eri\u015fim sa\u011flamak;<\/p><p data-start=\"1413\" data-end=\"1474\">Kay\u0131tlar\u0131n tutulmas\u0131, fatura d\u00fczenleme ve makbuz g\u00f6nderimi;<\/p><p data-start=\"1477\" data-end=\"1532\">Hizmet kalitesini art\u0131rmak ve geri bildirim sa\u011flamak;<\/p><p data-start=\"1535\" data-end=\"1617\">Bilgilendirme mesajlar\u0131 g\u00f6ndermek (kullan\u0131c\u0131n\u0131n \u00f6nceden onay vermesi durumunda);<\/p><p data-start=\"1620\" data-end=\"1706\">Mevzuat\u0131n gerektirdi\u011fi y\u00fck\u00fcml\u00fcl\u00fckleri yerine getirmek (\u00f6rne\u011fin, gelir kay\u0131tlar\u0131 i\u00e7in).<\/p><p data-start=\"1708\" data-end=\"1749\"><strong data-start=\"1708\" data-end=\"1749\">4. Veri i\u015fleme i\u00e7in yasal dayanaklar:<\/strong><\/p><p data-start=\"1751\" data-end=\"1807\">Veriler a\u015fa\u011f\u0131daki hukuki dayanaklara g\u00f6re i\u015flenmektedir:<\/p><p data-start=\"1811\" data-end=\"1893\">Kullan\u0131c\u0131n\u0131n a\u00e7\u0131k r\u0131zas\u0131 (\u00f6rne\u011fin, sipari\u015f formu doldurma veya hesap olu\u015fturma);<\/p><p data-start=\"1896\" data-end=\"1953\">Hizmet\/kurs eri\u015fimi sat\u0131n al\u0131m\u0131 gibi s\u00f6zle\u015fmenin ifas\u0131;<\/p><p data-start=\"1956\" data-end=\"1997\">Yasal y\u00fck\u00fcml\u00fcl\u00fcklerin yerine getirilmesi.<\/p><p data-start=\"1999\" data-end=\"2037\"><strong data-start=\"1999\" data-end=\"2037\">5. \u00dc\u00e7\u00fcnc\u00fc taraflara veri aktar\u0131m\u0131:<\/strong><\/p><p data-start=\"2039\" data-end=\"2081\">Veriler a\u015fa\u011f\u0131daki taraflara aktar\u0131labilir:<\/p><p data-start=\"2085\" data-end=\"2140\">\u0130\u015flemleri ger\u00e7ekle\u015ftirmek i\u00e7in Fondy \u00f6deme sistemine;<\/p><p data-start=\"2143\" data-end=\"2207\">Hosting ve analiz sa\u011flay\u0131c\u0131lar\u0131na (\u00f6rne\u011fin, Google Analytics);<\/p><p data-start=\"2210\" data-end=\"2263\">Yasalar\u0131n gerektirdi\u011fi durumlarda devlet kurumlar\u0131na.<\/p><p data-start=\"2265\" data-end=\"2297\"><strong data-start=\"2265\" data-end=\"2297\">6. Veri saklama ve g\u00fcvenlik:<\/strong><\/p><p data-start=\"2299\" data-end=\"2521\">Ki\u015fisel verilerinizi yetkisiz eri\u015fime kar\u015f\u0131 korumak i\u00e7in teknik ve organizasyonel \u00f6nlemler almaktay\u0131z. Veriler, yaln\u0131zca belirlenen ama\u00e7lara ula\u015fmak i\u00e7in gereken s\u00fcre boyunca veya Ukrayna mevzuat\u0131na uygun \u015fekilde saklan\u0131r.<\/p><p data-start=\"2523\" data-end=\"2551\"><strong data-start=\"2523\" data-end=\"2551\">7. Kullan\u0131c\u0131n\u0131n haklar\u0131:<\/strong><\/p><p data-start=\"2553\" data-end=\"2594\">Her kullan\u0131c\u0131 a\u015fa\u011f\u0131daki haklara sahiptir:<\/p><p data-start=\"2598\" data-end=\"2643\">Kendi ki\u015fisel verileri hakk\u0131nda bilgi alma;<\/p><p data-start=\"2646\" data-end=\"2702\">Verilerin g\u00fcncellenmesini veya silinmesini talep etme;<\/p><p data-start=\"2705\" data-end=\"2737\">Veri i\u015fleme iznini geri \u00e7ekme;<\/p><p data-start=\"2740\" data-end=\"2806\">Ki\u015fisel verilerin korunmas\u0131yla ilgili denetleyici kuruma ba\u015fvurma.<\/p><p data-start=\"2808\" data-end=\"2839\"><strong data-start=\"2808\" data-end=\"2839\">8. Politika de\u011fi\u015fiklikleri:<\/strong><\/p><p data-start=\"2841\" data-end=\"2945\">Bu Politikada de\u011fi\u015fiklik yapma hakk\u0131m\u0131z sakl\u0131d\u0131r. G\u00fcncel s\u00fcr\u00fcm her zaman web sitemizde yay\u0131nlanmaktad\u0131r.<\/p>\t\t\t\t\t\t<\/div>\n\t\t\t\t<\/div>\n\t\t\t\t\t<\/div>\n\t\t<\/div>\n\t\t\t\t\t\t\t<\/div>\n\t\t<\/section>\n\t\t\t\t\t\t\t<\/div>","protected":false},"excerpt":{"rendered":"<p>\u041f\u043e\u043b\u0456\u0442\u0438\u043a\u0430 \u043a\u043e\u043d\u0444\u0456\u0434\u0435\u043d\u0446\u0456\u0439\u043d\u043e\u0441\u0442\u0456 \u0426\u044f \u041f\u043e\u043b\u0456\u0442\u0438\u043a\u0430 \u043a\u043e\u043d\u0444\u0456\u0434\u0435\u043d\u0446\u0456\u0439\u043d\u043e\u0441\u0442\u0456 \u0440\u043e\u0437\u0440\u043e\u0431\u043b\u0435\u043d\u0430 \u0424\u041e\u041f \u0411\u0456\u043b\u0435\u0446\u044c\u043a\u0430 \u042e\u043b\u0456\u044f \u041e\u043b\u0435\u043a\u0441\u0430\u043d\u0434\u0440\u0456\u0432\u043d\u0430 (\u043d\u0430\u0434\u0430\u043b\u0456 \u2013 \u00ab\u041a\u043e\u043c\u043f\u0430\u043d\u0456\u044f\u00bb, \u00ab\u041f\u0440\u0430\u0432\u043e\u0432\u043b\u0430\u0441\u043d\u0438\u043a\u00bb \u0430\u0431\u043e \u00ab\u041c\u0438\u00bb) \u0456 \u0430\u0434\u0440\u0435\u0441\u043e\u0432\u0430\u043d\u0430 \u041a\u043e\u0440\u0438\u0441\u0442\u0443\u0432\u0430\u0447\u0430\u043c \u0412\u0435\u0431-\u0441\u0430\u0439\u0442\u0443 [&hellip;]<\/p>","protected":false},"author":1,"featured_media":0,"parent":0,"menu_order":0,"comment_status":"closed","ping_status":"closed","template":"","meta":{"footnotes":""},"class_list":["post-8530","page","type-page","status-publish","hentry"],"_links":{"self":[{"href":"https:\/\/ukraynacaogreniyorum.com\/uk\/wp-json\/wp\/v2\/pages\/8530","targetHints":{"allow":["GET"]}}],"collection":[{"href":"https:\/\/ukraynacaogreniyorum.com\/uk\/wp-json\/wp\/v2\/pages"}],"about":[{"href":"https:\/\/ukraynacaogreniyorum.com\/uk\/wp-json\/wp\/v2\/types\/page"}],"author":[{"embeddable":true,"href":"https:\/\/ukraynacaogreniyorum.com\/uk\/wp-json\/wp\/v2\/users\/1"}],"replies":[{"embeddable":true,"href":"https:\/\/ukraynacaogreniyorum.com\/uk\/wp-json\/wp\/v2\/comments?post=8530"}],"version-history":[{"count":4,"href":"https:\/\/ukraynacaogreniyorum.com\/uk\/wp-json\/wp\/v2\/pages\/8530\/revisions"}],"predecessor-version":[{"id":8865,"href":"https:\/\/ukraynacaogreniyorum.com\/uk\/wp-json\/wp\/v2\/pages\/8530\/revisions\/8865"}],"wp:attachment":[{"href":"https:\/\/ukraynacaogreniyorum.com\/uk\/wp-json\/wp\/v2\/media?parent=8530"}],"curies":[{"name":"wp","href":"https:\/\/api.w.org\/{rel}","templated":true}]}}